{"id":664,"date":"2017-07-11T10:54:48","date_gmt":"2017-07-11T10:54:48","guid":{"rendered":"http:\/\/brela.info\/sto-posjetiti\/"},"modified":"2017-07-12T19:32:14","modified_gmt":"2017-07-12T19:32:14","slug":"sto-posjetiti","status":"publish","type":"page","link":"https:\/\/brela.info\/en\/sto-posjetiti\/","title":{"rendered":"What to see"},"content":{"rendered":"<div class=\"wpb-content-wrapper\"><p>[vc_row][vc_column][vc_single_image image=&#8221;622&#8243; img_size=&#8221;large&#8221;][vc_column_text]We invite you to visit beautiful places in Brela, sites of cultural and natural heritage of our thousand years old place, the most beautiful beaches on the Adriatic coast, nature park Biokovo, Vruja and other breathtaking places that will surely be remembered![\/vc_column_text][vc_tta_accordion][vc_tta_section title=&#8221;Bekavci &#8211; Ivandi\u0107 building complex&#8221; tab_id=&#8221;1499772233298-8fb44003-fa7a&#8221;][vc_column_text]Situated in the Donji Kri\u010dak area is a representative example of folk architecture with its anthological construction features.[\/vc_column_text][\/vc_tta_section][vc_tta_section title=&#8221;Ruins of the Herceg\u2019s fortress&#8221; tab_id=&#8221;1499772233322-bbd5288d-6b89&#8243;][vc_column_text]On the part of Biokovo above Brela, under a cliff are the ruins of a structure which is known among the people as Herceg fort. This was once a structure that only had the upper port and just one window whilst the path leading to it was a causeway created by putting plates one next to another. So, when walking on them everything rustled and Erceg Stipan, who was in the fortress, could hear everyone. The Ottomans wanted to seize the fortress of Stipan so they ransacked it for months, hoping to torment the occupant by hunger as they were unable to conquer the fortress in an inaudible way over those plates. One day, it is said, Erceg Stipan was sitting outside and slicing cheese. Half of the cheese rolled down, shattering and falling on top of the Ottomans. They then withdrew saying: \u201cHow can we possible exhaust him with hunger when he beats us with cheese.\u201d \u00a0So the Ottomans gave up seizing the Stipan\u2019s fortress.[\/vc_column_text][\/vc_tta_section][vc_tta_section title=&#8221;Paleontolo\u0161ka zona Dubci&#8221; tab_id=&#8221;1499772317150-f75df889-a895&#8243;][vc_column_text]Vidikovac, prijevoj, usjek i sedlo, mjesto gdje se ra\u0111aju i luduju vjetrovi. Arheolo\u0161ki lokalitet ko\u0161tanih bre\u010da od prije 500 000 godina pr. n. e. &#8220;More, more..&#8221;, ka\u017eu da su ba\u0161 ovdje uzviknuli Hrvati dolaze\u0107i na Jadran[\/vc_column_text][\/vc_tta_section][vc_tta_section title=&#8221;Prosik&#8221; tab_id=&#8221;1499772317818-187ef598-f253&#8243;][vc_column_text]An eerie gorge and canyon on a rocky plateau. Archaeological remains of Neolithic Balkan man from the period from 6000 to 2000 BC. An example of rural folk architecture with draw-wells, olive mills and bread furnaces which grace this unique area, once the site of numerous attacks and brigand encounters.[\/vc_column_text][\/vc_tta_section][vc_tta_section title=&#8221;Zaveterje&#8221; tab_id=&#8221;1499772318569-c9c9c5ab-33b4&#8243;][vc_column_text]Together with its manor houses of Ursi\u0107i, Brkulji, Toma\u0161i, Drinova, Bartulovi\u0107i. These manor houses appear to have stopped time, being stone houses actually situated both in the stone and on it. There are four beautiful manor houses that have been preserved until the present from the long abandoned village of Drinova with its rich architecture, situated close to the paleontological area of Drinova.[\/vc_column_text][\/vc_tta_section][vc_tta_section title=&#8221;Napoleon&#8217;s road&#8221; tab_id=&#8221;1499772319214-e45e18ef-9b3c&#8221;][vc_column_text]The French, during their domination (1808-1813) constructed a road along Dalmatia &#8211; from Obrovac to Boka Kotorska in a very short period of time. Today this road is known as \u201cNapoleon&#8217;s Road&#8221; or the &#8220;French Road&#8221; and was built primarily thanks to Napoleon&#8217;s military commander and duke of Dubrovnik, August Marmont, who is remembered the history of Croatia for the numerous advanced measures he implemented within the Croatian region as military commander of Dalmatia and deputy of the Illyrian regions. \u00a0Here this road would have connected the Makarska Littoral with the French Road that passed through the hinterland of the mountain Biokovo, in direction Grabovac \u2013 Zagvozd- \u017dupa- Ra\u0161\u0107ani over the Nevista and Poletnica (Brela Gornja \u2013 Upper Brela) passes, . Local people too were involved obliged to work for the road\u2019s construction process and were paid in food. Unfortunately, due to the withdrawal of the French military forces, this part of the road remained unfinished although is possible to see under passes Nevista and Poletnica from the valuable parts of the dry-stone walls that surrounded it.[\/vc_column_text][\/vc_tta_section][vc_tta_section title=&#8221;Tower on Poletnica&#8221; tab_id=&#8221;1499772319945-dc4d9d3d-22d0&#8243;][vc_column_text](387m) significant historical locality with the rests of Turkish tower from the 16th and the 17th century, famous for numerous clashes with the Turks. In one of those fights Hasan-aga Arapovi\u0107 was killed. He was Hasan-aginica&#8217;s husband, from the popular ballad Hasanaginica.[\/vc_column_text][\/vc_tta_section][vc_tta_section title=&#8221;\u017dupska ku\u0107a u Brelima&#8221; tab_id=&#8221;1499772320665-4c0aa67b-d000&#8243;][vc_column_text]Nalazi se uz \u017eupnu crkvu Sv. Stjepana Prvomu\u010denika u Brelima, potje\u010de iz 1859. godine.[\/vc_column_text][\/vc_tta_section][vc_tta_section title=&#8221;Ku\u0107a \u017dami\u0107, oratorij u Solinama&#8221; tab_id=&#8221;1499772321382-36288224-d1e5&#8243;][vc_column_text]Oratorij Filipina u Solinama, ustanova koja je pru\u017eala osnovno, srednje i visoko obrazovanje. Otvorio ju je makarski biskup Nikola Bjankovi\u0107 1710. godine.[\/vc_column_text][\/vc_tta_section][vc_tta_section title=&#8221;The Church of our Lady of Carmel&#8221; tab_id=&#8221;1499772323089-31421a39-ae47&#8243;][vc_column_text]Situated in Soline, a valuable monument of the baroque architecture in harmony with the surroundings. Since it was built in 1715 in the appreciation of the victory against the Turks, it is also known as the Church of Lady of Victory.[\/vc_column_text][\/vc_tta_section][vc_tta_section title=&#8221;Lady of Health Church (the old one)&#8221; tab_id=&#8221;1499772323849-8e4f2534-eac1&#8243;][vc_column_text]Situated in Brela Gornja, the church dates from the beginning of the 18th century, with the rustic form of Dalmatian baroque, characteristic for Dalmatian hinterland.[\/vc_column_text][\/vc_tta_section][vc_tta_section title=&#8221;The Church of St. Ilija&#8221; tab_id=&#8221;1499772324449-973ef15f-a078&#8243;][vc_column_text]Situated in Ribi\u010di\u0107i, in the foothill of the mountain Biokovo, built in 1906, although on the same foundations there was previously built a church in 1760.[\/vc_column_text][\/vc_tta_section][vc_tta_section title=&#8221;The Church of St. Nicola&#8221; tab_id=&#8221;1499772325114-9ea40917-bf91&#8243;][vc_column_text]The church from the pre-Turkish period, around five centuries old, situated on the hill 572 metres high, under Bukovac. St Nicola has been for centuries \u2013 until recently \u2013 the patron of Brela.[\/vc_column_text][\/vc_tta_section][vc_tta_section title=&#8221;The Church of St. Stjepan&#8221; tab_id=&#8221;1499772325678-0ed2013b-afe3&#8243;][vc_single_image image=&#8221;625&#8243; img_size=&#8221;full&#8221;][vc_column_text]Situated in Donje Selo, built in 1897, although on that location there was twice previously built a church. It is a modern church of high cultural value. St. Stjepan is the patron of Brela.[\/vc_column_text][\/vc_tta_section][vc_tta_section title=&#8221;Crkva sv. Jurja&#8221; tab_id=&#8221;1499772326270-f844a596-447b&#8221;][vc_column_text]Crkva iz 1906. godine uz jedno od tri mjesna groblja, nalazi se na temeljima crkve iz davne 1760. godine.[\/vc_column_text][\/vc_tta_section][vc_tta_section title=&#8221;Nova crkva Gospe od Zdravlja u Brelima Gornjim&#8221; tab_id=&#8221;1499772326942-3f3c89f3-148e&#8221;][vc_column_text]The distric church of Brela Gornja. It was built in 1939.[\/vc_column_text][\/vc_tta_section][vc_tta_section title=&#8221;The Chapel of St. Kajo&#8221; tab_id=&#8221;1499777597077-2cc16548-e875&#8243;][vc_single_image image=&#8221;629&#8243; img_size=&#8221;full&#8221;][vc_column_text]Located on Nevista and mentioned for the first time back in 1768. There are a number of legends about the area surrounding this chapel. From the saddle moving west was a 1.5 m high cross as this was the place where the Virgin Mary appeared to the inhabitants of Brela, warning them that they would be attacked by the people of Senj. She not only warned them but also saved them by killing the people of Senj with hemp. \u00a0Even today we can still see the tombs under St. Kajo and in the direction of the French road. That cross has been kissed by passers-by both on their arrival and on their departure from the area that is during every time they pass St. Kajo. Above St. Kajo is a plate in the form of a cart. Older people used to forbid children from passing over it as they were convinced that it was a place where fairies played and were afraid that they might take their children away.[\/vc_column_text][\/vc_tta_section][vc_tta_section title=&#8221;St. Roko Chapel&#8221; tab_id=&#8221;1499777599476-69f892f2-986e&#8221;][vc_column_text]In Donje Selo, near the church of St. Stjepan. It was built in 1856.[\/vc_column_text][\/vc_tta_section][vc_tta_section title=&#8221;Kapela sv. Roka na Gornjem Kri\u010dku&#8221; tab_id=&#8221;1499777600666-4e1e6de8-c9bb&#8221;][vc_column_text]Kapela iz 1816. godine, izgra\u0111ena je u znak zahvalnosti \u0161to je prestala harati kuga.[\/vc_column_text][\/vc_tta_section][vc_tta_section title=&#8221;The small Chapel of our Lady on Dubci&#8221; tab_id=&#8221;1499777601629-fa45c1c1-c966&#8243;][vc_column_text]Built in the pass in 1870, however during the construction of the road it was dislocated.[\/vc_column_text][\/vc_tta_section][vc_tta_section title=&#8221;Nature park Biokovo&#8221; tab_id=&#8221;1499777602654-e1dba1c4-8340&#8243;][vc_single_image image=&#8221;627&#8243; img_size=&#8221;full&#8221;][vc_column_text]The oldest given name of the Biokovo Mountain is its Greek name \u2013 Adrion. It divided Dalmatia in the Littoral part and the Dalmatia Hinterland. Biokovo&#8217;s highest peak is Sv. \u00a0Jure \u00a0&#8211; St George (1762 m). It is characterized by varied vegetation that includes 2274 herbal species among which numerous endemic species of which the most famous is the so called &#8220;Biokovsko zvonce&#8221; \u2013 Biokovo bell (Edraianthus pumilio) The fauna too is diverse so we can find wolves(Canis lupus), boars (Sus crofa) here. Since 1964 it was again populated by the Balcan chamois (Rupicapra rupicapra balcanica L.) and since 1968 the by European mouflon (Ovis orientalis musimon Pallas). We can also find the Golden Eagle, the Short-toed Snake-eagle, partridges, the Fox and many other animal species here. The only poisonous snake to be found in the Biokovo region is the horned viper. The botanic garden in Koti\u0161ina is undoubtedly worth visiting. In 1981 it was proclaimed as a Natural Park. People say that the most beautiful part of Biokovo is precisely this part under Brela.[\/vc_column_text][\/vc_tta_section][vc_tta_section title=&#8221;Pou\u010dna staza Putevima drevne Berulije&#8221; tab_id=&#8221;1499777603558-3ff3a4b1-bb08&#8243;][vc_column_text]Pou\u010dna staza od Prezentacijskog centra u Brelima Gornjim do crkve Sv. Nikole na 572 m. Staza prolazi uz iseljeno naselje Gornja Mala sa starom crkvom Gospe od Zdravlja, ilirsko groblje, drevno naselje Kle\u0161i\u0107i, izvor Vodice te kona\u010dno kroz \u0161umu Dubravu. Od crkve putevi vode do izleti\u0161ta Bukovac, Hercegove kule, vojnog atomskog skloni\u0161ta i prijevoja Nevistina stina.[\/vc_column_text][\/vc_tta_section][vc_tta_section title=&#8221;Presentation centre of Brela Gornja&#8221; tab_id=&#8221;1499777604523-abffa5d7-892e&#8221;][vc_column_text]Visit the Biokovo exhibition in both Croatian and English. The Presentation centre is located in a building that was constructed back in 1908 by the Bekavac brothers.[\/vc_column_text][\/vc_tta_section][vc_tta_section title=&#8221;Nevistina stina (Bride\u2019s cliff)&#8221; tab_id=&#8221;1499777605478-9ce4da2f-b3f0&#8243;][vc_column_text]Legend has it that there was once a great love between a young girl and a young man who were fatally turned to stone at Nevista. The Nevistina stina is a passage which was once was the only connection between the Littoral and the Biokovo hinterland and it is also a beautiful viewpoint. According to the legend, a young girl from the \u201cupper\u201d parts, probably from Dalmatia hinterland, was intended to marry in the Littoral area. Her mother was against this love but above all, was against her daughter\u2019s decision to marry someone not chosen by her family. Perhaps the problem lay in the fact that the young man was from the Littoral region and as such from a poor area!? In any case , the mother sent her daughter away with the following words: When you look at the sea, hope that God turns you into stone! Despite those terrible words, the bridal procession moved, led by the bridegroom and the bride on horseback, and she had not even hinted at the strength of her mother\u2019s curse. But, when the happy group arrived at the peak of the mountain above Brela, the curse came true. Proof can be seen in the stones in the form of a horse with a bride and bridegroom on it, a loaf of bread and goatskin bottles. If you look more carefully, you can see the bride\u2019s veil which at that moment the wind drew away from her head. You can also see the wedding guests who followed them, perhaps it is a little more difficult now if you aren\u2019t sure what you are looking for, as over the years a thick pine wood has grown around them..[\/vc_column_text][\/vc_tta_section][vc_tta_section title=&#8221;Dugi rat beach (punta rata)&#8221; tab_id=&#8221;1499778282386-aaf2cac9-a992&#8243;][vc_single_image image=&#8221;631&#8243; img_size=&#8221;full&#8221;][vc_column_text]One of the most beautiful pebble beaches in the world is situated on the pine covered promontory. In 2004, American magazine \u201cForbes\u201d proclaimed it the most beautiful beach in Europe and the 6th in the world. It has alswo received a number of rewards in Croatia.[\/vc_column_text][\/vc_tta_section][vc_tta_section title=&#8221;Kamen Brela (a Brela stone)&#8221; tab_id=&#8221;1499778288915-eab6fd03-c941&#8243;][vc_single_image image=&#8221;632&#8243; img_size=&#8221;full&#8221;][vc_column_text]This is the name of a famous rock that long ago stumbled from Biokovo to the sea. \u00a0It can be found near to Dugi rat beach (formerly known as Punta rata). Overgrown by pine trees that seem to emerge from the sea itself it has a symbol of Brela as well as a protected monument of nature.[\/vc_column_text][\/vc_tta_section][vc_tta_section title=&#8221;The cave Pozjata&#8221; tab_id=&#8221;1499778291019-14db96d8-7c8b&#8221;][vc_column_text]The big cavern which in the past saved many lives of cattle breeders, farmers, hunters, and others who sheltered from bad weather, very changeable at this area. During summer period it was used by horses, cows, sheep, and goats to shelter. The cave can be reached from different ways: from \u0160uta (Rastovac) across Kala, from Topi\u0107i across Topola, from Gornja Brela across Bukovac and Bartulovi\u0107i, as the shortest mountain path, marked with signs.[\/vc_column_text][\/vc_tta_section][vc_tta_section title=&#8221;The pit Zmajeva\u010da&#8221; tab_id=&#8221;1499778292454-6db9e6be-17d5&#8243;][vc_column_text]The cave accessible to every nature fan. The entrance is only 70 cm, and for the descent it is recommended to use the rope and the lighting. The inner part of the pit impresses with the beauty of stalactites, pillars and walls with the crystalline calcium carbonate deposited. Zmajeva\u010da belongs to the group of unusual and interesting pits because of its huge hole (around 1400 m2), and for its depth of 162 m. At the bottom of the pit there is a large area (dimensions: 70&#215;35 m). It is of a particular interest since at sunlight it can be descended into even to extreme depth.[\/vc_column_text][\/vc_tta_section][vc_tta_section title=&#8221;\u0160uplja stina (hollow cliff) or &#8220;Biokovsko oko&#8221; (the Biokovo eye)&#8221; tab_id=&#8221;1499778294252-28653c1f-f5f5&#8243;][vc_single_image image=&#8221;633&#8243; img_size=&#8221;full&#8221;][vc_column_text]Situated on the peak of Biokovo, above Brela. It is a natural phenomenon through which a marvellous view on Brela extends. This cliff seems like a huge eye with which Biokovo watches over the Littoral part and protects its people. Just by taking a look at a photograph of it shows that it is well-worth visiting.[\/vc_column_text][\/vc_tta_section][vc_tta_section title=&#8221;Dupci\/Vruja&#8221; tab_id=&#8221;1499778295430-c66074dc-713f&#8221;][vc_single_image image=&#8221;634&#8243; img_size=&#8221;full&#8221;][vc_column_text]A paleontological area, with a panoramic viewpoint, incision and saddle, a place where winds are created and become wild. This is an archaeological site where bony Breccia from the period of 500 000 years BC can be found. \u201cSea, sea\u2026\u201d \u2013 it is said that it was precisely here that Croatians exclaimed those words when arriving at the Adriatic. Here, cliffs fall into the sea to a depth of more than 100 m. Numerous fresh water springs can be found as well as part of the river Cetina that sinks somewhere in Zagora and tumbles out in Vruja. A marvellous sight can be seen with the large groups of fish that gather here for feeding and reproduction.[\/vc_column_text][\/vc_tta_section][vc_tta_section title=&#8221;Medvidina cave&#8221; tab_id=&#8221;1499778296495-5d850a59-2f7a&#8221;][vc_single_image image=&#8221;635&#8243; img_size=&#8221;full&#8221;][vc_column_text]Together with Berulia beach, the Medvidina Cave was once the habitat of the Mediterranean Monk Seal after which it received its name. The Mediterranean monk seal is species of seal and one of the most endangered mammals. In this region they are also known as morski medvid (sea bear) or morski \u010dovik (sea man). Fishermen considered them to be enemies as they often destroyed their nets. In 1960s it disappeared from the Adriatic coast but ther has recently been information saying that it has been seen again.[\/vc_column_text][\/vc_tta_section][\/vc_tta_accordion][\/vc_column][\/vc_row]<\/p>\n<\/div>","protected":false},"excerpt":{"rendered":"<p>[vc_row][vc_column][vc_single_image image=&#8221;622&#8243; img_size=&#8221;large&#8221;][vc_column_text]We invite you to visit beautiful places in<\/p>\n","protected":false},"author":1,"featured_media":0,"parent":0,"menu_order":0,"comment_status":"closed","ping_status":"closed","template":"","meta":{"footnotes":""},"class_list":["post-664","page","type-page","status-publish","hentry"],"yoast_head":"<!-- This site is optimized with the Yoast SEO plugin v23.4 - https:\/\/yoast.com\/wordpress\/plugins\/seo\/ -->\n<title>What to see - Brela.info<\/title>\n<meta name=\"robots\" content=\"index, follow, max-snippet:-1, max-image-preview:large, max-video-preview:-1\" \/>\n<link rel=\"canonical\" href=\"https:\/\/brela.info\/en\/sto-posjetiti\/\" \/>\n<meta property=\"og:locale\" content=\"en_US\" \/>\n<meta property=\"og:type\" content=\"article\" \/>\n<meta property=\"og:title\" content=\"What to see - Brela.info\" \/>\n<meta property=\"og:description\" content=\"[vc_row][vc_column][vc_single_image image=&#8221;622&#8243; img_size=&#8221;large&#8221;][vc_column_text]We invite you to visit beautiful places in\" \/>\n<meta property=\"og:url\" content=\"https:\/\/brela.info\/en\/sto-posjetiti\/\" \/>\n<meta property=\"og:site_name\" content=\"Brela.info\" \/>\n<meta property=\"article:modified_time\" content=\"2017-07-12T19:32:14+00:00\" \/>\n<meta name=\"twitter:card\" content=\"summary_large_image\" \/>\n<meta name=\"twitter:label1\" content=\"Est. reading time\" \/>\n\t<meta name=\"twitter:data1\" content=\"15 minutes\" \/>\n<script type=\"application\/ld+json\" class=\"yoast-schema-graph\">{\"@context\":\"https:\/\/schema.org\",\"@graph\":[{\"@type\":\"WebPage\",\"@id\":\"https:\/\/brela.info\/en\/sto-posjetiti\/\",\"url\":\"https:\/\/brela.info\/en\/sto-posjetiti\/\",\"name\":\"What to see - Brela.info\",\"isPartOf\":{\"@id\":\"https:\/\/brela.info\/#website\"},\"datePublished\":\"2017-07-11T10:54:48+00:00\",\"dateModified\":\"2017-07-12T19:32:14+00:00\",\"breadcrumb\":{\"@id\":\"https:\/\/brela.info\/en\/sto-posjetiti\/#breadcrumb\"},\"inLanguage\":\"en-US\",\"potentialAction\":[{\"@type\":\"ReadAction\",\"target\":[\"https:\/\/brela.info\/en\/sto-posjetiti\/\"]}]},{\"@type\":\"BreadcrumbList\",\"@id\":\"https:\/\/brela.info\/en\/sto-posjetiti\/#breadcrumb\",\"itemListElement\":[{\"@type\":\"ListItem\",\"position\":1,\"name\":\"Home\",\"item\":\"https:\/\/brela.info\/en\/home\/\"},{\"@type\":\"ListItem\",\"position\":2,\"name\":\"What to see\"}]},{\"@type\":\"WebSite\",\"@id\":\"https:\/\/brela.info\/#website\",\"url\":\"https:\/\/brela.info\/\",\"name\":\"Brela.info\",\"description\":\"Welcome to Brela\",\"publisher\":{\"@id\":\"https:\/\/brela.info\/#organization\"},\"potentialAction\":[{\"@type\":\"SearchAction\",\"target\":{\"@type\":\"EntryPoint\",\"urlTemplate\":\"https:\/\/brela.info\/?s={search_term_string}\"},\"query-input\":{\"@type\":\"PropertyValueSpecification\",\"valueRequired\":true,\"valueName\":\"search_term_string\"}}],\"inLanguage\":\"en-US\"},{\"@type\":\"Organization\",\"@id\":\"https:\/\/brela.info\/#organization\",\"name\":\"Brela.info\",\"url\":\"https:\/\/brela.info\/\",\"logo\":{\"@type\":\"ImageObject\",\"inLanguage\":\"en-US\",\"@id\":\"https:\/\/brela.info\/#\/schema\/logo\/image\/\",\"url\":\"https:\/\/brela.info\/wp-content\/uploads\/2017\/07\/cropped-logo.png\",\"contentUrl\":\"https:\/\/brela.info\/wp-content\/uploads\/2017\/07\/cropped-logo.png\",\"width\":437,\"height\":88,\"caption\":\"Brela.info\"},\"image\":{\"@id\":\"https:\/\/brela.info\/#\/schema\/logo\/image\/\"}}]}<\/script>\n<!-- \/ Yoast SEO plugin. -->","yoast_head_json":{"title":"What to see - Brela.info","robots":{"index":"index","follow":"follow","max-snippet":"max-snippet:-1","max-image-preview":"max-image-preview:large","max-video-preview":"max-video-preview:-1"},"canonical":"https:\/\/brela.info\/en\/sto-posjetiti\/","og_locale":"en_US","og_type":"article","og_title":"What to see - Brela.info","og_description":"[vc_row][vc_column][vc_single_image image=&#8221;622&#8243; img_size=&#8221;large&#8221;][vc_column_text]We invite you to visit beautiful places in","og_url":"https:\/\/brela.info\/en\/sto-posjetiti\/","og_site_name":"Brela.info","article_modified_time":"2017-07-12T19:32:14+00:00","twitter_card":"summary_large_image","twitter_misc":{"Est. reading time":"15 minutes"},"schema":{"@context":"https:\/\/schema.org","@graph":[{"@type":"WebPage","@id":"https:\/\/brela.info\/en\/sto-posjetiti\/","url":"https:\/\/brela.info\/en\/sto-posjetiti\/","name":"What to see - Brela.info","isPartOf":{"@id":"https:\/\/brela.info\/#website"},"datePublished":"2017-07-11T10:54:48+00:00","dateModified":"2017-07-12T19:32:14+00:00","breadcrumb":{"@id":"https:\/\/brela.info\/en\/sto-posjetiti\/#breadcrumb"},"inLanguage":"en-US","potentialAction":[{"@type":"ReadAction","target":["https:\/\/brela.info\/en\/sto-posjetiti\/"]}]},{"@type":"BreadcrumbList","@id":"https:\/\/brela.info\/en\/sto-posjetiti\/#breadcrumb","itemListElement":[{"@type":"ListItem","position":1,"name":"Home","item":"https:\/\/brela.info\/en\/home\/"},{"@type":"ListItem","position":2,"name":"What to see"}]},{"@type":"WebSite","@id":"https:\/\/brela.info\/#website","url":"https:\/\/brela.info\/","name":"Brela.info","description":"Welcome to Brela","publisher":{"@id":"https:\/\/brela.info\/#organization"},"potentialAction":[{"@type":"SearchAction","target":{"@type":"EntryPoint","urlTemplate":"https:\/\/brela.info\/?s={search_term_string}"},"query-input":{"@type":"PropertyValueSpecification","valueRequired":true,"valueName":"search_term_string"}}],"inLanguage":"en-US"},{"@type":"Organization","@id":"https:\/\/brela.info\/#organization","name":"Brela.info","url":"https:\/\/brela.info\/","logo":{"@type":"ImageObject","inLanguage":"en-US","@id":"https:\/\/brela.info\/#\/schema\/logo\/image\/","url":"https:\/\/brela.info\/wp-content\/uploads\/2017\/07\/cropped-logo.png","contentUrl":"https:\/\/brela.info\/wp-content\/uploads\/2017\/07\/cropped-logo.png","width":437,"height":88,"caption":"Brela.info"},"image":{"@id":"https:\/\/brela.info\/#\/schema\/logo\/image\/"}}]}},"_links":{"self":[{"href":"https:\/\/brela.info\/en\/wp-json\/wp\/v2\/pages\/664"}],"collection":[{"href":"https:\/\/brela.info\/en\/wp-json\/wp\/v2\/pages"}],"about":[{"href":"https:\/\/brela.info\/en\/wp-json\/wp\/v2\/types\/page"}],"author":[{"embeddable":true,"href":"https:\/\/brela.info\/en\/wp-json\/wp\/v2\/users\/1"}],"replies":[{"embeddable":true,"href":"https:\/\/brela.info\/en\/wp-json\/wp\/v2\/comments?post=664"}],"version-history":[{"count":2,"href":"https:\/\/brela.info\/en\/wp-json\/wp\/v2\/pages\/664\/revisions"}],"predecessor-version":[{"id":666,"href":"https:\/\/brela.info\/en\/wp-json\/wp\/v2\/pages\/664\/revisions\/666"}],"wp:attachment":[{"href":"https:\/\/brela.info\/en\/wp-json\/wp\/v2\/media?parent=664"}],"curies":[{"name":"wp","href":"https:\/\/api.w.org\/{rel}","templated":true}]}}